{"id":67,"date":"2014-01-17T09:58:22","date_gmt":"2014-01-17T08:58:22","guid":{"rendered":"http:\/\/unevoixpourtoutes.com\/orchestrevocal\/?page_id=67"},"modified":"2025-07-02T10:43:17","modified_gmt":"2025-07-02T08:43:17","slug":"photos","status":"publish","type":"page","link":"http:\/\/unevoixpourtoutes.com\/orchestrevocal\/photos\/","title":{"rendered":"Les photos"},"content":{"rendered":"\n<h2 class=\"wp-block-heading\">Kiosque du jardin du Luxembourg le 18\/06\/2018<\/h2>\n\n\n\n<figure class=\"wp-block-image size-large\"><img loading=\"lazy\" decoding=\"async\" width=\"1024\" height=\"580\" src=\"http:\/\/unevoixpourtoutes.com\/orchestrevocal\/wp-content\/uploads\/2025\/07\/20180617_194431-1024x580.jpg\" alt=\"\" class=\"wp-image-2619\" srcset=\"http:\/\/unevoixpourtoutes.com\/orchestrevocal\/wp-content\/uploads\/2025\/07\/20180617_194431-1024x580.jpg 1024w, http:\/\/unevoixpourtoutes.com\/orchestrevocal\/wp-content\/uploads\/2025\/07\/20180617_194431-300x170.jpg 300w, http:\/\/unevoixpourtoutes.com\/orchestrevocal\/wp-content\/uploads\/2025\/07\/20180617_194431-768x435.jpg 768w, http:\/\/unevoixpourtoutes.com\/orchestrevocal\/wp-content\/uploads\/2025\/07\/20180617_194431-1536x870.jpg 1536w, http:\/\/unevoixpourtoutes.com\/orchestrevocal\/wp-content\/uploads\/2025\/07\/20180617_194431-2048x1160.jpg 2048w, http:\/\/unevoixpourtoutes.com\/orchestrevocal\/wp-content\/uploads\/2025\/07\/20180617_194431-500x283.jpg 500w\" sizes=\"auto, (max-width: 1024px) 100vw, 1024px\" \/><\/figure>\n\n\n\n<figure class=\"wp-block-image size-large\"><img loading=\"lazy\" decoding=\"async\" width=\"1024\" height=\"576\" src=\"http:\/\/unevoixpourtoutes.com\/orchestrevocal\/wp-content\/uploads\/2025\/07\/20180617_190506-1024x576.jpg\" alt=\"\" class=\"wp-image-2618\" srcset=\"http:\/\/unevoixpourtoutes.com\/orchestrevocal\/wp-content\/uploads\/2025\/07\/20180617_190506-1024x576.jpg 1024w, http:\/\/unevoixpourtoutes.com\/orchestrevocal\/wp-content\/uploads\/2025\/07\/20180617_190506-300x169.jpg 300w, http:\/\/unevoixpourtoutes.com\/orchestrevocal\/wp-content\/uploads\/2025\/07\/20180617_190506-768x432.jpg 768w, http:\/\/unevoixpourtoutes.com\/orchestrevocal\/wp-content\/uploads\/2025\/07\/20180617_190506-1536x864.jpg 1536w, http:\/\/unevoixpourtoutes.com\/orchestrevocal\/wp-content\/uploads\/2025\/07\/20180617_190506-2048x1152.jpg 2048w, http:\/\/unevoixpourtoutes.com\/orchestrevocal\/wp-content\/uploads\/2025\/07\/20180617_190506-500x281.jpg 500w\" sizes=\"auto, (max-width: 1024px) 100vw, 1024px\" \/><\/figure>\n\n\n<p style=\"text-align: center;\"><strong>Le 25 Janvier 2014,<\/strong><\/p>\n<p style=\"text-align: center;\"><strong>l&rsquo;Orchestre Vocal f\u00eatait ses 15 ans d&rsquo;existence ainsi que les 10 ans de direction de ch\u0153ur d&rsquo;Irene Doria \u00e0 <a href=\"http:\/\/www.lautrementbon.fr\/site\/\" target=\"_blank\" rel=\"noopener\">l&rsquo;Autrement Bon<\/a>, sc\u00e8ne \/ restaurant du th\u00e9\u00e2tre Jean Arp de Clamart (92)<\/strong><\/p>\n\n\t\t<style type=\"text\/css\">\n\t\t\t#gallery-1 {\n\t\t\t\tmargin: auto;\n\t\t\t}\n\t\t\t#gallery-1 .gallery-item {\n\t\t\t\tfloat: left;\n\t\t\t\tmargin-top: 10px;\n\t\t\t\ttext-align: center;\n\t\t\t\twidth: 25%;\n\t\t\t}\n\t\t\t#gallery-1 img {\n\t\t\t\tborder: 2px solid #cfcfcf;\n\t\t\t}\n\t\t\t#gallery-1 .gallery-caption {\n\t\t\t\tmargin-left: 0;\n\t\t\t}\n\t\t\t\/* see gallery_shortcode() in wp-includes\/media.php *\/\n\t\t<\/style>\n\t\t<div id='gallery-1' class='gallery galleryid-67 gallery-columns-4 gallery-size-thumbnail'><dl class='gallery-item'>\n\t\t\t<dt class='gallery-icon portrait'>\n\t\t\t\t<a href='http:\/\/unevoixpourtoutes.com\/orchestrevocal\/wp-content\/uploads\/2014\/01\/affiche15answww1.jpg'><img loading=\"lazy\" decoding=\"async\" width=\"150\" height=\"150\" src=\"http:\/\/unevoixpourtoutes.com\/orchestrevocal\/wp-content\/uploads\/2014\/01\/affiche15answww1-150x150.jpg\" class=\"attachment-thumbnail size-thumbnail\" alt=\"\" \/><\/a>\n\t\t\t<\/dt><\/dl><dl class='gallery-item'>\n\t\t\t<dt class='gallery-icon landscape'>\n\t\t\t\t<a href='http:\/\/unevoixpourtoutes.com\/orchestrevocal\/wp-content\/uploads\/2014\/01\/DSC_0016-Copier.jpg'><img loading=\"lazy\" decoding=\"async\" width=\"150\" height=\"150\" src=\"http:\/\/unevoixpourtoutes.com\/orchestrevocal\/wp-content\/uploads\/2014\/01\/DSC_0016-Copier-150x150.jpg\" class=\"attachment-thumbnail size-thumbnail\" alt=\"\" \/><\/a>\n\t\t\t<\/dt><\/dl><dl class='gallery-item'>\n\t\t\t<dt class='gallery-icon landscape'>\n\t\t\t\t<a href='http:\/\/unevoixpourtoutes.com\/orchestrevocal\/wp-content\/uploads\/2014\/01\/DSC_0020-Copier.jpg'><img loading=\"lazy\" decoding=\"async\" width=\"150\" height=\"150\" src=\"http:\/\/unevoixpourtoutes.com\/orchestrevocal\/wp-content\/uploads\/2014\/01\/DSC_0020-Copier-150x150.jpg\" class=\"attachment-thumbnail size-thumbnail\" alt=\"\" \/><\/a>\n\t\t\t<\/dt><\/dl><dl class='gallery-item'>\n\t\t\t<dt class='gallery-icon landscape'>\n\t\t\t\t<a href='http:\/\/unevoixpourtoutes.com\/orchestrevocal\/wp-content\/uploads\/2014\/01\/DSC_0030-Copier.jpg'><img loading=\"lazy\" decoding=\"async\" width=\"150\" height=\"150\" src=\"http:\/\/unevoixpourtoutes.com\/orchestrevocal\/wp-content\/uploads\/2014\/01\/DSC_0030-Copier-150x150.jpg\" class=\"attachment-thumbnail size-thumbnail\" alt=\"\" \/><\/a>\n\t\t\t<\/dt><\/dl><br style=\"clear: both\" \/><dl class='gallery-item'>\n\t\t\t<dt class='gallery-icon landscape'>\n\t\t\t\t<a href='http:\/\/unevoixpourtoutes.com\/orchestrevocal\/wp-content\/uploads\/2014\/01\/DSC_0038-Copier.jpg'><img loading=\"lazy\" decoding=\"async\" width=\"150\" height=\"150\" src=\"http:\/\/unevoixpourtoutes.com\/orchestrevocal\/wp-content\/uploads\/2014\/01\/DSC_0038-Copier-150x150.jpg\" class=\"attachment-thumbnail size-thumbnail\" alt=\"\" \/><\/a>\n\t\t\t<\/dt><\/dl><dl class='gallery-item'>\n\t\t\t<dt class='gallery-icon landscape'>\n\t\t\t\t<a href='http:\/\/unevoixpourtoutes.com\/orchestrevocal\/wp-content\/uploads\/2014\/01\/DSC_0045-Copier.jpg'><img loading=\"lazy\" decoding=\"async\" width=\"150\" height=\"150\" src=\"http:\/\/unevoixpourtoutes.com\/orchestrevocal\/wp-content\/uploads\/2014\/01\/DSC_0045-Copier-150x150.jpg\" class=\"attachment-thumbnail size-thumbnail\" alt=\"\" \/><\/a>\n\t\t\t<\/dt><\/dl><dl class='gallery-item'>\n\t\t\t<dt class='gallery-icon landscape'>\n\t\t\t\t<a href='http:\/\/unevoixpourtoutes.com\/orchestrevocal\/wp-content\/uploads\/2014\/01\/DSC_0056-Copier.jpg'><img loading=\"lazy\" decoding=\"async\" width=\"150\" height=\"150\" src=\"http:\/\/unevoixpourtoutes.com\/orchestrevocal\/wp-content\/uploads\/2014\/01\/DSC_0056-Copier-150x150.jpg\" class=\"attachment-thumbnail size-thumbnail\" alt=\"\" \/><\/a>\n\t\t\t<\/dt><\/dl><dl class='gallery-item'>\n\t\t\t<dt class='gallery-icon landscape'>\n\t\t\t\t<a href='http:\/\/unevoixpourtoutes.com\/orchestrevocal\/wp-content\/uploads\/2014\/01\/P1170560-Copier.jpg'><img loading=\"lazy\" decoding=\"async\" width=\"150\" height=\"150\" src=\"http:\/\/unevoixpourtoutes.com\/orchestrevocal\/wp-content\/uploads\/2014\/01\/P1170560-Copier-150x150.jpg\" class=\"attachment-thumbnail size-thumbnail\" alt=\"\" \/><\/a>\n\t\t\t<\/dt><\/dl><br style=\"clear: both\" \/><dl class='gallery-item'>\n\t\t\t<dt class='gallery-icon landscape'>\n\t\t\t\t<a href='http:\/\/unevoixpourtoutes.com\/orchestrevocal\/wp-content\/uploads\/2014\/01\/P1170569-Copier.jpg'><img loading=\"lazy\" decoding=\"async\" width=\"150\" height=\"150\" src=\"http:\/\/unevoixpourtoutes.com\/orchestrevocal\/wp-content\/uploads\/2014\/01\/P1170569-Copier-150x150.jpg\" class=\"attachment-thumbnail size-thumbnail\" alt=\"\" \/><\/a>\n\t\t\t<\/dt><\/dl><dl class='gallery-item'>\n\t\t\t<dt class='gallery-icon landscape'>\n\t\t\t\t<a href='http:\/\/unevoixpourtoutes.com\/orchestrevocal\/wp-content\/uploads\/2014\/01\/DSC_0023-Copier.jpg'><img loading=\"lazy\" decoding=\"async\" width=\"150\" height=\"150\" src=\"http:\/\/unevoixpourtoutes.com\/orchestrevocal\/wp-content\/uploads\/2014\/01\/DSC_0023-Copier-150x150.jpg\" class=\"attachment-thumbnail size-thumbnail\" alt=\"\" \/><\/a>\n\t\t\t<\/dt><\/dl><dl class='gallery-item'>\n\t\t\t<dt class='gallery-icon landscape'>\n\t\t\t\t<a href='http:\/\/unevoixpourtoutes.com\/orchestrevocal\/wp-content\/uploads\/2014\/01\/P1170593-Copier.jpg'><img loading=\"lazy\" decoding=\"async\" width=\"150\" height=\"150\" src=\"http:\/\/unevoixpourtoutes.com\/orchestrevocal\/wp-content\/uploads\/2014\/01\/P1170593-Copier-150x150.jpg\" class=\"attachment-thumbnail size-thumbnail\" alt=\"\" \/><\/a>\n\t\t\t<\/dt><\/dl><dl class='gallery-item'>\n\t\t\t<dt class='gallery-icon portrait'>\n\t\t\t\t<a href='http:\/\/unevoixpourtoutes.com\/orchestrevocal\/wp-content\/uploads\/2014\/01\/P1170614-Copier.jpg'><img loading=\"lazy\" decoding=\"async\" width=\"150\" height=\"150\" src=\"http:\/\/unevoixpourtoutes.com\/orchestrevocal\/wp-content\/uploads\/2014\/01\/P1170614-Copier-150x150.jpg\" class=\"attachment-thumbnail size-thumbnail\" alt=\"\" \/><\/a>\n\t\t\t<\/dt><\/dl><br style=\"clear: both\" \/>\n\t\t<\/div>\n","protected":false},"excerpt":{"rendered":"<p>Kiosque du jardin du Luxembourg le 18\/06\/2018 Le 25 Janvier 2014, l&rsquo;Orchestre Vocal f\u00eatait ses 15 ans d&rsquo;existence ainsi que les 10 ans de direction de ch\u0153ur d&rsquo;Irene Doria \u00e0 l&rsquo;Autrement Bon, sc\u00e8ne \/ restaurant du th\u00e9\u00e2tre Jean Arp de &hellip; <a href=\"http:\/\/unevoixpourtoutes.com\/orchestrevocal\/photos\/\">Continuer la lecture <span class=\"meta-nav\">&rarr;<\/span><\/a><\/p>\n","protected":false},"author":7,"featured_media":1633,"parent":0,"menu_order":0,"comment_status":"closed","ping_status":"closed","template":"","meta":{"footnotes":""},"class_list":["post-67","page","type-page","status-publish","has-post-thumbnail","hentry"],"_links":{"self":[{"href":"http:\/\/unevoixpourtoutes.com\/orchestrevocal\/wp-json\/wp\/v2\/pages\/67","targetHints":{"allow":["GET"]}}],"collection":[{"href":"http:\/\/unevoixpourtoutes.com\/orchestrevocal\/wp-json\/wp\/v2\/pages"}],"about":[{"href":"http:\/\/unevoixpourtoutes.com\/orchestrevocal\/wp-json\/wp\/v2\/types\/page"}],"author":[{"embeddable":true,"href":"http:\/\/unevoixpourtoutes.com\/orchestrevocal\/wp-json\/wp\/v2\/users\/7"}],"replies":[{"embeddable":true,"href":"http:\/\/unevoixpourtoutes.com\/orchestrevocal\/wp-json\/wp\/v2\/comments?post=67"}],"version-history":[{"count":5,"href":"http:\/\/unevoixpourtoutes.com\/orchestrevocal\/wp-json\/wp\/v2\/pages\/67\/revisions"}],"predecessor-version":[{"id":2624,"href":"http:\/\/unevoixpourtoutes.com\/orchestrevocal\/wp-json\/wp\/v2\/pages\/67\/revisions\/2624"}],"wp:featuredmedia":[{"embeddable":true,"href":"http:\/\/unevoixpourtoutes.com\/orchestrevocal\/wp-json\/wp\/v2\/media\/1633"}],"wp:attachment":[{"href":"http:\/\/unevoixpourtoutes.com\/orchestrevocal\/wp-json\/wp\/v2\/media?parent=67"}],"curies":[{"name":"wp","href":"https:\/\/api.w.org\/{rel}","templated":true}]}}